{"id":1985,"date":"2024-06-04T17:29:06","date_gmt":"2024-06-04T17:29:06","guid":{"rendered":"https:\/\/fmat.tech\/aviso-legal\/"},"modified":"2024-06-04T17:40:14","modified_gmt":"2024-06-04T17:40:14","slug":"aviso-legal","status":"publish","type":"page","link":"https:\/\/fmat.tech\/es\/aviso-legal\/","title":{"rendered":"Aviso Legal"},"content":{"rendered":"\t\t<div data-elementor-type=\"wp-page\" data-elementor-id=\"1985\" class=\"elementor elementor-1985 elementor-1978\">\n\t\t\t\t\t\t<section class=\"elementor-section elementor-top-section elementor-element elementor-element-591da2a elementor-section-boxed elementor-section-height-default elementor-section-height-default\" data-id=\"591da2a\" data-element_type=\"section\">\n\t\t\t\t\t\t<div class=\"elementor-container elementor-column-gap-default\">\n\t\t\t\t\t<div class=\"elementor-column elementor-col-100 elementor-top-column elementor-element elementor-element-083334d\" data-id=\"083334d\" data-element_type=\"column\">\n\t\t\t<div class=\"elementor-widget-wrap elementor-element-populated\">\n\t\t\t\t\t\t<div class=\"elementor-element elementor-element-ddfecc1 elementor-widget elementor-widget-text-editor\" data-id=\"ddfecc1\" data-element_type=\"widget\" data-widget_type=\"text-editor.default\">\n\t\t\t\t<div class=\"elementor-widget-container\">\n\t\t\t\t\t\t\t\t\t<div id=\"main\" class=\"column1 wide clearfix no-breadcrumbs\">\n<div class=\"container-fluid\">\n<div class=\"row main-content-wrap\">\n<div class=\"main-content col-lg-12\">\n<div id=\"content\" role=\"main\">\n<article class=\"post-7147 page type-page status-publish hentry\">\n<div class=\"page-content\">\n<div class=\"elementor elementor-7147\" data-elementor-type=\"wp-page\" data-elementor-id=\"7147\">\n<section class=\"elementor-section elementor-top-section elementor-element elementor-element-ebc357e pt-3 mt-4 elementor-section-boxed elementor-section-height-default elementor-section-height-default\" data-id=\"ebc357e\" data-element_type=\"section\">\n<div class=\"elementor-container elementor-column-gap-no\">\n<div class=\"elementor-column elementor-col-100 elementor-top-column elementor-element elementor-element-7e05d30\" data-id=\"7e05d30\" data-element_type=\"column\">\n<div class=\"elementor-widget-wrap elementor-element-populated\">\n<div class=\"elementor-element elementor-element-fcfea26 elementor-widget elementor-widget-text-editor\" data-id=\"fcfea26\" data-element_type=\"widget\" data-widget_type=\"text-editor.default\">\n<div class=\"elementor-widget-container\">\n<div id=\"main\" class=\"column1 wide clearfix no-breadcrumbs\">\n<div class=\"container-fluid\">\n<div class=\"row main-content-wrap\">\n<div class=\"main-content col-lg-12\">\n<div id=\"content\" role=\"main\">\n<article class=\"post-7139 page type-page status-publish hentry\">\n<div class=\"page-content\">\n<div class=\"elementor elementor-7139\" data-elementor-type=\"wp-page\" data-elementor-id=\"7139\">\n<section class=\"elementor-section elementor-top-section elementor-element elementor-element-ebc357e pt-3 mt-4 elementor-section-boxed elementor-section-height-default elementor-section-height-default\" data-id=\"ebc357e\" data-element_type=\"section\">\n<div class=\"elementor-container elementor-column-gap-no\">\n<div class=\"elementor-column elementor-col-100 elementor-top-column elementor-element elementor-element-7e05d30\" data-id=\"7e05d30\" data-element_type=\"column\">\n<div class=\"elementor-widget-wrap elementor-element-populated\">\n<div class=\"elementor-element elementor-element-fcfea26 elementor-widget elementor-widget-text-editor\" data-id=\"fcfea26\" data-element_type=\"widget\" data-widget_type=\"text-editor.default\">\n<div class=\"elementor-widget-container\">\n<p><strong>Aviso Legal:<\/strong><\/p>\n<p>Bienvenidos a nuestra web ubicada en https:\/\/www.fmat.tech. A continuaci\u00f3n, te explicamos los t\u00e9rminos y condiciones de uso, recuerda que la utilizaci\u00f3n de esta web te confiere la condici\u00f3n de usuario\/a e implica la total aceptaci\u00f3n de su contenido, sin limitaciones ni exclusiones mientras la utilices o est\u00e9s conectado\/a a la misma. Por favor, lee detenidamente este aviso legal. Si tienes cualquier duda o recomendaci\u00f3n, puedes enviarnos un correo a la direcci\u00f3n info@fmat.tech.<\/p>\n<p>1.- DATOS IDENTIFICATIVOS DEL TITULAR DE LA WEB<\/p>\n<p>En cumplimiento de lo dispuesto en el art\u00edculo 10 de la Ley 34\/2002 de Servicios de la Sociedad de la Informaci\u00f3n y Comercio electr\u00f3nico, te informamos que el titular de esta web es el equipo FMAT, al que tambi\u00e9n nos referiremos indistintamente en esta Web como TITULAR.<\/p>\n<p>2.- CONDICIONES DE ACCESO, UTILIZACI\u00d3N Y FUNCIONAMIENTO DE LA WEB<\/p>\n<p>El acceso a nuestra web es libre. Como usuario\/a de la web te comprometes a hacer siempre un uso correcto de la misma y de sus contenidos, respetando en todo momento la legalidad vigente y los derechos de propiedad de su TITULAR, que se reserva el derecho de excluir el acceso a su web de todos aquellos usuarios que act\u00faen de manera contraria a las presentes condiciones, la Ley, los principios generales del derecho y las buenas costumbres. En t\u00e9rminos generales, el usuario\/a deber\u00e1 abstenerse de reproducir, copiar, distribuir, poner a disposici\u00f3n, comunicar p\u00fablicamente o hacer un uso privado, as\u00ed como transformar o modificar contenidos de nuestra web, o alterar su software.<\/p>\n<p>FMAT se reserva el derecho a suspender temporalmente, y sin necesidad de preaviso a los usuarios, el acceso a la web para llevar a cabo tareas de mejora y\/o restauraci\u00f3n. No obstante, se intentar\u00e1 realizar estas acciones en horas de baja afluencia a la misma, excluyendo cualquier tipo de responsabilidad de FMAT como consecuencia de los perjuicios que esta situaci\u00f3n pudiera ocasionar a los usuarios\/as. No podemos garantizarte la ausencia de \u00abvirus\u00bb y\/o \u00abmalware\u00bb en nuestra web, recuerda que es obligaci\u00f3n tuya disponer de las herramientas adecuadas para la detecci\u00f3n y neutralizaci\u00f3n de estos elementos y que en ning\u00fan caso podremos hacernos responsables de los da\u00f1os o perjuicios que esta situaci\u00f3n te pudiera ocasionar. Tambi\u00e9n quedan excluidos de nuestra responsabilidad los da\u00f1os y\/o perjuicios que se pudieran producir como consecuencia de errores o desconexiones de las redes de telecomunicaciones.<\/p>\n<p>3.- POL\u00cdTICA DE ENLACES<\/p>\n<p>Es posible que nuestra web disponga de enlaces a otros sitios o webs de Internet, FMAT no asume ning\u00fan tipo de responsabilidad ni control sobre los mismos ni sobre sus contenidos. Tampoco puede garantizar su disponibilidad t\u00e9cnica, calidad y fiabilidad. Las relaciones comerciales de estos terceros con los usuarios\/as se regir\u00e1n por las condiciones generales que, en su caso, establezca el titular de la web en un documento espec\u00edfico a tal efecto, o por los pactos concretos que se puedan acordar con ellos.<\/p>\n<p>4.- PROPIEDAD INTELECTUAL E INDUSTRIAL<\/p>\n<p>Los contenidos de nuestra web son propiedad de FMAT o le han sido cedidos por su leg\u00edtimo titular para su uso, como por ejemplo y solo a t\u00edtulo enunciativo y no exhaustivo, se consideran contenido de la web las bases de datos, textos, marcas, nombres comerciales, audios, logotipos, signos distintivos, animaciones, im\u00e1genes, v\u00eddeos, dise\u00f1os, estructura de la p\u00e1gina web, etc. El uso de la web por parte de los usuarios no les otorga ning\u00fan derecho de explotaci\u00f3n de ning\u00fan tipo, ni su titularidad, sobre los contenidos de la misma, as\u00ed como tampoco ning\u00fan derecho de propiedad industrial y\/o intelectual. Queda totalmente prohibida la transformaci\u00f3n, reproducci\u00f3n, explotaci\u00f3n, distribuci\u00f3n, comunicaci\u00f3n p\u00fablica y\/o cesi\u00f3n, ya sea a t\u00edtulo oneroso o gratuito, de ninguno de los contenidos de la web. FMAT hace expresa reserva ante los usuarios y terceros del ejercicio de cuantas acciones amparen sus leg\u00edtimos derechos de propiedad intelectual y\/o industrial.<\/p>\n<p>5.- POL\u00cdTICA DE PRIVACIDAD Y TRATAMIENTO DE DATOS PERSONALES<\/p>\n<p>Conforme a lo dispuesto en la normativa sobre Protecci\u00f3n de Datos Personales, Reglamento (UE) 2016\/679 del Parlamento Europeo y del Consejo, de 27 de abril de 2016 (RGPD), y la Ley Org\u00e1nica 3\/2018, de 5 de diciembre, de Protecci\u00f3n de Datos Personales y garant\u00eda de los derechos digitales, a continuaci\u00f3n encontrar\u00e1s la informaci\u00f3n b\u00e1sica de nuestra pol\u00edtica de privacidad que puedes ampliar aqu\u00ed.<\/p>\n<table>\n<tbody>\n<tr>\n<td width=\"113\"><strong>Responsable:<\/strong><\/td>\n<td width=\"425\">FMAT<\/td>\n<\/tr>\n<tr>\n<td width=\"113\"><strong>Finalidad:<\/strong><\/td>\n<td width=\"425\">Gesti\u00f3n administrativa y comercial (previo consentimiento) de los datos. <\/td>\n<\/tr>\n<tr>\n<td width=\"113\"><strong>Legitimaci\u00f3n:<\/strong><\/td>\n<td width=\"425\">\n<p>Ejecuci\u00f3n de un contrato.<\/p>\n<p>Consentimiento expreso.<\/p>\n<\/td>\n<\/tr>\n<tr>\n<td width=\"113\"><strong>Destinatarios:<\/strong><\/td>\n<td width=\"425\">El responsable y terceros colaboradores, si existe informaci\u00f3n y consentimiento previo. <\/td>\n<\/tr>\n<tr>\n<td width=\"113\"><strong>Derechos:<\/strong><\/td>\n<td width=\"425\">Acceso, rectificaci\u00f3n, supresi\u00f3n, portabilidad, limitaci\u00f3n, oposici\u00f3n y otros. <\/td>\n<\/tr>\n<\/tbody>\n<\/table>\n<p>6.- LEGISLACI\u00d3N Y JURISDICCI\u00d3N APLICABLE<\/p>\n<p>Los posibles conflictos relacionados con esta web se regir\u00e1n exclusivamente por el derecho del Estado Espa\u00f1ol y de la Comunidad Aut\u00f3noma de Catalu\u00f1a, siendo los juzgados de Barcelona los \u00fanicos competentes para su conocimiento. Toda persona usuaria de la web, independientemente de la jurisdicci\u00f3n territorial desde la que se produzca su acceso, acepta el cumplimiento y respeta esta cl\u00e1usula con renuncia expresa a cualquier otro fuero que pudiera corresponderle.<\/p>\n<p>\u00daltima actualizaci\u00f3n 05\/06\/2024<\/p>\n<p>\u00a92024. FMAT. Todos los Derechos Reservados.<\/p>\n<\/div>\n<\/div>\n<\/div>\n<\/div>\n<\/div>\n<\/section>\n<\/div>\n<\/div>\n<\/article>\n<\/div>\n<\/div>\n<\/div>\n<\/div>\n<\/div>\n<div class=\"footer-wrapper\">\n<footer id=\"footer\" class=\"footer footer-builder\">\n<div class=\"porto-block elementor elementor-7097\" data-id=\"7097\">\n<div class=\"container-fluid\">\n<section class=\"elementor-section elementor-top-section elementor-element elementor-element-31ae2bc2 flex-wrap elementor-section-boxed elementor-section-height-default elementor-section-height-default\" data-id=\"31ae2bc2\" data-element_type=\"section\" data-settings=\"{\"background_background\":\"classic\"}\">\n<div class=\"elementor-container elementor-column-gap-default\">\n<div class=\"elementor-column elementor-col-16 elementor-top-column elementor-element elementor-element-82e2050 w-100 pt-5\" data-id=\"82e2050\" data-element_type=\"column\">\n<div class=\"elementor-widget-wrap elementor-element-populated\">\n<div class=\"elementor-element elementor-element-a209b3d mb-0 mb-4 mb-lg-0 elementor-widget__width-auto elementor-widget-tablet__width-inherit elementor-widget elementor-widget-heading\" data-id=\"a209b3d\" data-element_type=\"widget\" data-widget_type=\"heading.default\">\n<div class=\"elementor-widget-container\"> <\/div>\n<\/div>\n<\/div>\n<\/div>\n<\/div>\n<\/section>\n<\/div>\n<\/div>\n<\/footer>\n<\/div>\n<\/div>\n<\/div>\n<\/div>\n<\/div>\n<\/div>\n<\/section>\n<\/div>\n<\/div>\n<\/article>\n<\/div>\n<\/div>\n<\/div>\n<\/div>\n<\/div>\n\t\t\t\t\t\t\t\t<\/div>\n\t\t\t\t<\/div>\n\t\t\t\t\t<\/div>\n\t\t<\/div>\n\t\t\t\t\t<\/div>\n\t\t<\/section>\n\t\t\t\t<\/div>\n\t\t","protected":false},"excerpt":{"rendered":"<p>Aviso Legal: Bienvenidos a nuestra web ubicada en https:\/\/www.fmat.tech. A continuaci\u00f3n, te explicamos los t\u00e9rminos y condiciones de uso, recuerda que la utilizaci\u00f3n de esta web te confiere la condici\u00f3n de usuario\/a e implica la total aceptaci\u00f3n de su contenido, sin limitaciones ni exclusiones mientras la utilices o est\u00e9s conectado\/a a la misma. Por favor, [&hellip;]<\/p>\n","protected":false},"author":1,"featured_media":0,"parent":0,"menu_order":0,"comment_status":"closed","ping_status":"closed","template":"","meta":{"site-sidebar-layout":"no-sidebar","site-content-layout":"page-builder","ast-site-content-layout":"full-width-container","site-content-style":"unboxed","site-sidebar-style":"unboxed","ast-global-header-display":"","ast-banner-title-visibility":"","ast-main-header-display":"","ast-hfb-above-header-display":"","ast-hfb-below-header-display":"","ast-hfb-mobile-header-display":"","site-post-title":"disabled","ast-breadcrumbs-content":"","ast-featured-img":"disabled","footer-sml-layout":"","theme-transparent-header-meta":"default","adv-header-id-meta":"","stick-header-meta":"default","header-above-stick-meta":"","header-main-stick-meta":"","header-below-stick-meta":"","astra-migrate-meta-layouts":"default","ast-page-background-enabled":"default","ast-page-background-meta":{"desktop":{"background-color":"","background-image":"","background-repeat":"repeat","background-position":"center center","background-size":"auto","background-attachment":"scroll","background-type":"","background-media":"","overlay-type":"","overlay-color":"","overlay-opacity":"","overlay-gradient":""},"tablet":{"background-color":"","background-image":"","background-repeat":"repeat","background-position":"center center","background-size":"auto","background-attachment":"scroll","background-type":"","background-media":"","overlay-type":"","overlay-color":"","overlay-opacity":"","overlay-gradient":""},"mobile":{"background-color":"","background-image":"","background-repeat":"repeat","background-position":"center center","background-size":"auto","background-attachment":"scroll","background-type":"","background-media":"","overlay-type":"","overlay-color":"","overlay-opacity":"","overlay-gradient":""}},"ast-content-background-meta":{"desktop":{"background-color":"var(--ast-global-color-5)","background-image":"","background-repeat":"repeat","background-position":"center center","background-size":"auto","background-attachment":"scroll","background-type":"","background-media":"","overlay-type":"","overlay-color":"","overlay-opacity":"","overlay-gradient":""},"tablet":{"background-color":"var(--ast-global-color-5)","background-image":"","background-repeat":"repeat","background-position":"center center","background-size":"auto","background-attachment":"scroll","background-type":"","background-media":"","overlay-type":"","overlay-color":"","overlay-opacity":"","overlay-gradient":""},"mobile":{"background-color":"var(--ast-global-color-5)","background-image":"","background-repeat":"repeat","background-position":"center center","background-size":"auto","background-attachment":"scroll","background-type":"","background-media":"","overlay-type":"","overlay-color":"","overlay-opacity":"","overlay-gradient":""}},"footnotes":""},"class_list":["post-1985","page","type-page","status-publish","hentry"],"yoast_head":"<!-- This site is optimized with the Yoast SEO plugin v24.7 - https:\/\/yoast.com\/wordpress\/plugins\/seo\/ -->\n<title>Aviso Legal - FMAT - Functional Training System<\/title>\n<meta name=\"robots\" content=\"noindex, follow\" \/>\n<meta property=\"og:locale\" content=\"es_ES\" \/>\n<meta property=\"og:type\" content=\"article\" \/>\n<meta property=\"og:title\" content=\"Aviso Legal - FMAT - Functional Training System\" \/>\n<meta property=\"og:description\" content=\"Aviso Legal: Bienvenidos a nuestra web ubicada en https:\/\/www.fmat.tech. A continuaci\u00f3n, te explicamos los t\u00e9rminos y condiciones de uso, recuerda que la utilizaci\u00f3n de esta web te confiere la condici\u00f3n de usuario\/a e implica la total aceptaci\u00f3n de su contenido, sin limitaciones ni exclusiones mientras la utilices o est\u00e9s conectado\/a a la misma. Por favor, [&hellip;]\" \/>\n<meta property=\"og:url\" content=\"https:\/\/fmat.tech\/es\/aviso-legal\/\" \/>\n<meta property=\"og:site_name\" content=\"FMAT - Functional Training System\" \/>\n<meta property=\"article:modified_time\" content=\"2024-06-04T17:40:14+00:00\" \/>\n<meta name=\"twitter:card\" content=\"summary_large_image\" \/>\n<meta name=\"twitter:label1\" content=\"Tiempo de lectura\" \/>\n\t<meta name=\"twitter:data1\" content=\"5 minutos\" \/>\n<script type=\"application\/ld+json\" class=\"yoast-schema-graph\">{\"@context\":\"https:\/\/schema.org\",\"@graph\":[{\"@type\":\"WebPage\",\"@id\":\"https:\/\/fmat.tech\/es\/aviso-legal\/\",\"url\":\"https:\/\/fmat.tech\/es\/aviso-legal\/\",\"name\":\"Aviso Legal - FMAT - Functional Training System\",\"isPartOf\":{\"@id\":\"https:\/\/fmat.tech\/es\/#website\"},\"datePublished\":\"2024-06-04T17:29:06+00:00\",\"dateModified\":\"2024-06-04T17:40:14+00:00\",\"breadcrumb\":{\"@id\":\"https:\/\/fmat.tech\/es\/aviso-legal\/#breadcrumb\"},\"inLanguage\":\"es\",\"potentialAction\":[{\"@type\":\"ReadAction\",\"target\":[\"https:\/\/fmat.tech\/es\/aviso-legal\/\"]}]},{\"@type\":\"BreadcrumbList\",\"@id\":\"https:\/\/fmat.tech\/es\/aviso-legal\/#breadcrumb\",\"itemListElement\":[{\"@type\":\"ListItem\",\"position\":1,\"name\":\"Inici\",\"item\":\"https:\/\/fmat.tech\/es\/\"},{\"@type\":\"ListItem\",\"position\":2,\"name\":\"Aviso Legal\"}]},{\"@type\":\"WebSite\",\"@id\":\"https:\/\/fmat.tech\/es\/#website\",\"url\":\"https:\/\/fmat.tech\/es\/\",\"name\":\"Descobreix la millor estora d'entrenament de futbol | FMAT\",\"description\":\"\",\"publisher\":{\"@id\":\"https:\/\/fmat.tech\/es\/#organization\"},\"potentialAction\":[{\"@type\":\"SearchAction\",\"target\":{\"@type\":\"EntryPoint\",\"urlTemplate\":\"https:\/\/fmat.tech\/es\/?s={search_term_string}\"},\"query-input\":{\"@type\":\"PropertyValueSpecification\",\"valueRequired\":true,\"valueName\":\"search_term_string\"}}],\"inLanguage\":\"es\"},{\"@type\":\"Organization\",\"@id\":\"https:\/\/fmat.tech\/es\/#organization\",\"name\":\"FMAT - Functional Training System\",\"url\":\"https:\/\/fmat.tech\/es\/\",\"logo\":{\"@type\":\"ImageObject\",\"inLanguage\":\"es\",\"@id\":\"https:\/\/fmat.tech\/es\/#\/schema\/logo\/image\/\",\"url\":\"https:\/\/fmat.tech\/wp-content\/uploads\/2024\/01\/fmat_logo.png\",\"contentUrl\":\"https:\/\/fmat.tech\/wp-content\/uploads\/2024\/01\/fmat_logo.png\",\"width\":1041,\"height\":1040,\"caption\":\"FMAT - Functional Training System\"},\"image\":{\"@id\":\"https:\/\/fmat.tech\/es\/#\/schema\/logo\/image\/\"},\"sameAs\":[\"https:\/\/www.linkedin.com\/company\/fmat\/\",\"https:\/\/www.instagram.com\/fmat.tech\/\",\"https:\/\/www.youtube.com\/channel\/UCDQIZU-6KPHXRrtiR27H9xg\"]}]}<\/script>\n<!-- \/ Yoast SEO plugin. -->","yoast_head_json":{"title":"Aviso Legal - FMAT - Functional Training System","robots":{"index":"noindex","follow":"follow"},"og_locale":"es_ES","og_type":"article","og_title":"Aviso Legal - FMAT - Functional Training System","og_description":"Aviso Legal: Bienvenidos a nuestra web ubicada en https:\/\/www.fmat.tech. A continuaci\u00f3n, te explicamos los t\u00e9rminos y condiciones de uso, recuerda que la utilizaci\u00f3n de esta web te confiere la condici\u00f3n de usuario\/a e implica la total aceptaci\u00f3n de su contenido, sin limitaciones ni exclusiones mientras la utilices o est\u00e9s conectado\/a a la misma. Por favor, [&hellip;]","og_url":"https:\/\/fmat.tech\/es\/aviso-legal\/","og_site_name":"FMAT - Functional Training System","article_modified_time":"2024-06-04T17:40:14+00:00","twitter_card":"summary_large_image","twitter_misc":{"Tiempo de lectura":"5 minutos"},"schema":{"@context":"https:\/\/schema.org","@graph":[{"@type":"WebPage","@id":"https:\/\/fmat.tech\/es\/aviso-legal\/","url":"https:\/\/fmat.tech\/es\/aviso-legal\/","name":"Aviso Legal - FMAT - Functional Training System","isPartOf":{"@id":"https:\/\/fmat.tech\/es\/#website"},"datePublished":"2024-06-04T17:29:06+00:00","dateModified":"2024-06-04T17:40:14+00:00","breadcrumb":{"@id":"https:\/\/fmat.tech\/es\/aviso-legal\/#breadcrumb"},"inLanguage":"es","potentialAction":[{"@type":"ReadAction","target":["https:\/\/fmat.tech\/es\/aviso-legal\/"]}]},{"@type":"BreadcrumbList","@id":"https:\/\/fmat.tech\/es\/aviso-legal\/#breadcrumb","itemListElement":[{"@type":"ListItem","position":1,"name":"Inici","item":"https:\/\/fmat.tech\/es\/"},{"@type":"ListItem","position":2,"name":"Aviso Legal"}]},{"@type":"WebSite","@id":"https:\/\/fmat.tech\/es\/#website","url":"https:\/\/fmat.tech\/es\/","name":"Descobreix la millor estora d'entrenament de futbol | FMAT","description":"","publisher":{"@id":"https:\/\/fmat.tech\/es\/#organization"},"potentialAction":[{"@type":"SearchAction","target":{"@type":"EntryPoint","urlTemplate":"https:\/\/fmat.tech\/es\/?s={search_term_string}"},"query-input":{"@type":"PropertyValueSpecification","valueRequired":true,"valueName":"search_term_string"}}],"inLanguage":"es"},{"@type":"Organization","@id":"https:\/\/fmat.tech\/es\/#organization","name":"FMAT - Functional Training System","url":"https:\/\/fmat.tech\/es\/","logo":{"@type":"ImageObject","inLanguage":"es","@id":"https:\/\/fmat.tech\/es\/#\/schema\/logo\/image\/","url":"https:\/\/fmat.tech\/wp-content\/uploads\/2024\/01\/fmat_logo.png","contentUrl":"https:\/\/fmat.tech\/wp-content\/uploads\/2024\/01\/fmat_logo.png","width":1041,"height":1040,"caption":"FMAT - Functional Training System"},"image":{"@id":"https:\/\/fmat.tech\/es\/#\/schema\/logo\/image\/"},"sameAs":["https:\/\/www.linkedin.com\/company\/fmat\/","https:\/\/www.instagram.com\/fmat.tech\/","https:\/\/www.youtube.com\/channel\/UCDQIZU-6KPHXRrtiR27H9xg"]}]}},"_links":{"self":[{"href":"https:\/\/fmat.tech\/es\/wp-json\/wp\/v2\/pages\/1985","targetHints":{"allow":["GET"]}}],"collection":[{"href":"https:\/\/fmat.tech\/es\/wp-json\/wp\/v2\/pages"}],"about":[{"href":"https:\/\/fmat.tech\/es\/wp-json\/wp\/v2\/types\/page"}],"author":[{"embeddable":true,"href":"https:\/\/fmat.tech\/es\/wp-json\/wp\/v2\/users\/1"}],"replies":[{"embeddable":true,"href":"https:\/\/fmat.tech\/es\/wp-json\/wp\/v2\/comments?post=1985"}],"version-history":[{"count":3,"href":"https:\/\/fmat.tech\/es\/wp-json\/wp\/v2\/pages\/1985\/revisions"}],"predecessor-version":[{"id":1988,"href":"https:\/\/fmat.tech\/es\/wp-json\/wp\/v2\/pages\/1985\/revisions\/1988"}],"wp:attachment":[{"href":"https:\/\/fmat.tech\/es\/wp-json\/wp\/v2\/media?parent=1985"}],"curies":[{"name":"wp","href":"https:\/\/api.w.org\/{rel}","templated":true}]}}