{"id":1964,"date":"2024-06-03T19:25:29","date_gmt":"2024-06-03T19:25:29","guid":{"rendered":"https:\/\/fmat.tech\/politica-de-privacidad\/"},"modified":"2024-06-04T17:28:35","modified_gmt":"2024-06-04T17:28:35","slug":"politica-de-privacidad","status":"publish","type":"page","link":"https:\/\/fmat.tech\/es\/politica-de-privacidad\/","title":{"rendered":"Pol\u00edtica de Privacidad"},"content":{"rendered":"\t\t<div data-elementor-type=\"wp-page\" data-elementor-id=\"1964\" class=\"elementor elementor-1964 elementor-1955\">\n\t\t\t\t\t\t<section class=\"elementor-section elementor-top-section elementor-element elementor-element-29bf6fe elementor-section-boxed elementor-section-height-default elementor-section-height-default\" data-id=\"29bf6fe\" data-element_type=\"section\">\n\t\t\t\t\t\t<div class=\"elementor-container elementor-column-gap-default\">\n\t\t\t\t\t<div class=\"elementor-column elementor-col-100 elementor-top-column elementor-element elementor-element-47e8562\" data-id=\"47e8562\" data-element_type=\"column\">\n\t\t\t<div class=\"elementor-widget-wrap elementor-element-populated\">\n\t\t\t\t\t\t<div class=\"elementor-element elementor-element-c35a863 elementor-widget elementor-widget-text-editor\" data-id=\"c35a863\" data-element_type=\"widget\" data-widget_type=\"text-editor.default\">\n\t\t\t\t<div class=\"elementor-widget-container\">\n\t\t\t\t\t\t\t\t\t<div id=\"main\" class=\"column1 wide clearfix no-breadcrumbs\"><div class=\"container-fluid\"><div class=\"row main-content-wrap\"><div class=\"main-content col-lg-12\"><div id=\"content\" role=\"main\"><article class=\"post-7147 page type-page status-publish hentry\"><div class=\"page-content\"><div class=\"elementor elementor-7147\" data-elementor-type=\"wp-page\" data-elementor-id=\"7147\"><section class=\"elementor-section elementor-top-section elementor-element elementor-element-ebc357e pt-3 mt-4 elementor-section-boxed elementor-section-height-default elementor-section-height-default\" data-id=\"ebc357e\" data-element_type=\"section\"><div class=\"elementor-container elementor-column-gap-no\"><div class=\"elementor-column elementor-col-100 elementor-top-column elementor-element elementor-element-7e05d30\" data-id=\"7e05d30\" data-element_type=\"column\"><div class=\"elementor-widget-wrap elementor-element-populated\"><div class=\"elementor-element elementor-element-fcfea26 elementor-widget elementor-widget-text-editor\" data-id=\"fcfea26\" data-element_type=\"widget\" data-widget_type=\"text-editor.default\"><div class=\"elementor-widget-container\"><p><strong>Pol\u00edtica de Privacidad<\/strong><\/p><p>De acuerdo con lo establecido en la normativa vigente en materia de protecci\u00f3n de datos personales, Reglamento (UE) 2016\/679 del Parlamento Europeo y del Consejo, de 27 de abril de 2016 (RGPD), y la Ley Org\u00e1nica 3\/2018, de 5 de diciembre, de Protecci\u00f3n de Datos Personales y garant\u00eda de los derechos digitales (LOPDgdd), a continuaci\u00f3n te informamos de los t\u00e9rminos de la pol\u00edtica de privacidad de https:\/\/www.fmat.tech. Te recomendamos que la leas atentamente, y si tienes alguna duda o quieres hacernos alg\u00fan comentario, cont\u00e1ctanos envi\u00e1ndonos un correo a info@fmat.tech.<\/p><p>1.- IDENTIFICACI\u00d3N DEL RESPONSABLE DEL TRATAMIENTO<\/p><p>El responsable del tratamiento de tus datos es:<\/p><p>El equipo de FMAT<\/p><p>Puedes contactar con nuestro Delegado de Protecci\u00f3n de Datos envi\u00e1ndonos un correo a info@fmat.tech.<\/p><p>2.- CATEGOR\u00cdA DE DATOS<\/p><p>En cumplimiento del principio de minimizaci\u00f3n de datos, solo te solicitaremos y trataremos los datos necesarios para la realizaci\u00f3n de las finalidades informadas. A continuaci\u00f3n, detallamos las categor\u00edas de datos que tratamos:<\/p><table><tbody><tr><td width=\"189\"><p><strong>Condici\u00f3n<\/strong><\/p><\/td><td width=\"349\"><p><strong>Tipos de Datos<\/strong><\/p><\/td><\/tr><tr><td width=\"189\"><p>Usuario web<\/p><\/td><td width=\"349\"><p>Identificativos de la conexi\u00f3n: direcci\u00f3n IP<\/p><\/td><\/tr><tr><td width=\"189\"><p>Contacto<\/p><\/td><td width=\"349\"><p>Identificativos de Contacto: nombre y apellidos, email<\/p><\/td><\/tr><\/tbody><\/table><p>3.- ORIGEN DE LOS DATOS<\/p><p>Los datos personales que tratamos proceden del propio interesado\/a, quien garantiza su veracidad y autenticidad. En aquellos casos en los que sea necesario que el cliente nos proporcione datos de terceros, deber\u00e1 informar con car\u00e1cter previo a dichos terceros de los t\u00e9rminos de nuestra pol\u00edtica de privacidad. FMAT no asumir\u00e1 ning\u00fan tipo de responsabilidad por la inexactitud o falta de veracidad de los datos recibidos, reserv\u00e1ndonos expresamente el ejercicio de cualquier acci\u00f3n que nos pueda corresponder para hacer valer nuestros derechos.<\/p><p>4.- PLAZO DE CONSERVACI\u00d3N DE LOS DATOS<\/p><p>Tus datos personales solo se conservar\u00e1n el tiempo necesario para la realizaci\u00f3n de las finalidades informadas previamente, excepto:<\/p><p>4.1. Cuando la Ley establezca un plazo diferente de conservaci\u00f3n, como por ejemplo la normativa fiscal, o cuando deban ser conservados para hacer frente a posibles acciones y reclamaciones (plazos de prescripci\u00f3n).<\/p><p>4.2. Cuando hayas revocado el consentimiento para su tratamiento.<\/p><p>5.- FINALIDADES DEL TRATAMIENTO<\/p><p>De conformidad con los principios de minimizaci\u00f3n de datos y proporcionalidad, desde FMAT solo te solicitaremos los datos imprescindibles para la realizaci\u00f3n de las finalidades informadas. A continuaci\u00f3n detallamos estas finalidades de tratamiento:<\/p><table><tbody><tr><td width=\"122\"><p><strong>Condici\u00f3n<\/strong><\/p><\/td><td width=\"415\"><p><strong>Finalidades del Tratamiento<\/strong><\/p><\/td><\/tr><tr><td width=\"122\"><p>Usuario web<\/p><\/td><td width=\"415\"><p>Estad\u00edsticas del uso de la Web para introducir mejoras en la misma.<\/p><\/td><\/tr><tr><td width=\"122\"><p>Contacto<\/p><\/td><td width=\"415\"><p>Gesti\u00f3n administrativa y seguimiento de consultas.<\/p><\/td><\/tr><\/tbody><\/table><p>6.- BASES LEGITIMADORAS DEL TRATAMIENTO<\/p><p>A continuaci\u00f3n detallamos cu\u00e1les son las bases legitimadoras del tratamiento de tus datos:<\/p><table><tbody><tr><td width=\"226\"><p><strong>Finalidades del Tratamiento<\/strong><\/p><\/td><td width=\"311\"><p><strong>Base Legitimadora<\/strong><\/p><\/td><\/tr><tr><td width=\"226\"><p>Estad\u00edsticas del uso de la Web para introducir mejoras en la misma.<\/p><\/td><td width=\"311\"><p>Consentimiento expreso del interesado\/a al acceder y navegar por nuestra Web, art.6.1.a) RGPD.<\/p><\/td><\/tr><tr><td width=\"226\"><p>Gesti\u00f3n administrativa y seguimiento de consultas.<\/p><\/td><td width=\"311\"><p>Consentimiento expreso del interesado\/a al acceder a nuestro formulario de contacto, art. 6.1.a) RGPD.<\/p><\/td><\/tr><\/tbody><\/table><p>7.- CESI\u00d3N DE DATOS<\/p><p>Tus datos no ser\u00e1n comunicados a terceros, salvo que lo exija la ley, nos lo requieran las autoridades competentes, en los t\u00e9rminos y condiciones establecidos legalmente, o sea necesario para cumplir con la finalidad del tratamiento. En estos casos, velaremos por el cumplimiento de todas aquellas medidas de \u00edndole t\u00e9cnica y organizativa necesarias para garantizar su seguridad y evitar su alteraci\u00f3n, p\u00e9rdida, tratamiento o acceso no autorizado, as\u00ed como el resto de obligaciones que exija la normativa.<\/p><p>No se realizar\u00e1n transferencias internacionales de datos.<\/p><p>7.1. 7.1. Enlaces de Terceros<\/p><p>Nuestra web puede contener enlaces a aplicaciones de terceros. FMAT no almacena ning\u00fan tipo de informaci\u00f3n de car\u00e1cter personal relacionada con estas transmisiones. Recuerda que estos terceros tienen sus propias pol\u00edticas de privacidad, de las cuales no asumimos ning\u00fan tipo de responsabilidad, ni dar\u00e1 derecho a ning\u00fan tipo de indemnizaci\u00f3n por nuestra parte. Lee detenidamente sus t\u00e9rminos, y en caso de desacuerdo, no los utilices.<\/p><p>8.- DERECHOS<\/p><p>En cualquier momento podr\u00e1s solicitar el acceso a tus datos, para saber si los tratamos, cu\u00e1les son y con qu\u00e9 finalidades. Tambi\u00e9n tienes derecho a:<\/p><ul><li>Solicitar la rectificaci\u00f3n de los datos que sean inexactos.<\/li><li>Solicitar la supresi\u00f3n de tus datos personales en los t\u00e9rminos previstos en la normativa.<\/li><li>Solicitar la limitaci\u00f3n del tratamiento de tus datos personales; en este caso solo los conservaremos para el ejercicio o la defensa de posibles reclamaciones.<\/li><li>Oponerte al tratamiento de tus datos. En este caso dejaremos de tratarlos, pero podr\u00e1n ser conservados debidamente bloqueados para hacer frente a posibles reclamaciones, ejercicio de acciones, o porque as\u00ed lo disponga la Ley.<\/li><li>Solicitar la portabilidad de tus datos.<\/li><\/ul><p>Si consideras que no hemos atendido correctamente tus derechos, puedes presentar una reclamaci\u00f3n ante la AEPD: https:\/\/sedeagpd.gob.es\/sede-electronica-web\/vistas\/infoSede\/tramitesCiudadano.jsf<\/p><p>8.1. Procedimiento para Ejercer tus Derechos<\/p><p>Para el ejercicio de tus derechos o para cualquier consulta sobre nuestra Pol\u00edtica de Privacidad, puedes contactar con nuestro DPD. Este procedimiento es gratuito y \u00fanicamente deber\u00e1s enviarnos un correo electr\u00f3nico a info@fmat.tech adjuntando copia de tu DNI y poniendo en el asunto \u00abRef. RGPD\u00bb. Tan pronto como recibamos tu solicitud, la tramitaremos y obtendr\u00e1s la respuesta en el plazo m\u00e1ximo de un mes.<\/p><p>9.- COOKIES<\/p><p>Nuestra web utiliza cookies. Puedes consultar nuestra pol\u00edtica de cookies en nuestra web.<\/p><p>10.- MEDIDAS DE SEGURIDAD IMPLEMENTADAS<\/p><p>FMAT tratar\u00e1 tus datos de forma absolutamente confidencial y cumpliendo con el deber de secreto respecto a los mismos, de acuerdo con lo previsto en la normativa de protecci\u00f3n de datos de aplicaci\u00f3n, en especial el art\u00edculo 32 del RGPD; adoptando al efecto las medidas de \u00edndole t\u00e9cnica y organizativa necesarias que garanticen la seguridad de tus datos y eviten su alteraci\u00f3n, p\u00e9rdida, tratamiento o acceso no autorizado, dada la naturaleza de los datos almacenados y los riesgos a los que est\u00e1n expuestos. En particular, hemos adoptado las pertinentes y obligatorias medidas establecidas en la normativa de protecci\u00f3n de datos personales, relativas a: funciones y obligaciones del personal, registro de eventos, gesti\u00f3n de soportes y documentos, control de acceso, identificaci\u00f3n y autenticaci\u00f3n, copia de seguridad y recuperaci\u00f3n, as\u00ed como tambi\u00e9n las medidas necesarias y obligatorias de acuerdo con las normativas locales. La documentaci\u00f3n estar\u00e1 disponible a solicitud del interesado\/a mediante los canales habituales de contacto.<\/p><p>11.- CAMBIOS EN LA POL\u00cdTICA DE PRIVACIDAD<\/p><p>FMAT se reserva el derecho a modificar cuando lo considere oportuno la presente Pol\u00edtica de Privacidad para adaptarla a las novedades legislativas que fueran procedentes. Todos los cambios y modificaciones ser\u00e1n publicados en nuestra Web de manera visible para su conocimiento.<\/p><p>\u00daltima actualizaci\u00f3n 05\/06\/2024<\/p><p>\u00a92024. FMAT. Todos los Derechos Reservados.<\/p><\/div><\/div><\/div><\/div><\/div><\/section><\/div><\/div><\/article><\/div><\/div><\/div><\/div><\/div><div class=\"footer-wrapper\"><footer id=\"footer\" class=\"footer footer-builder\"><div class=\"porto-block elementor elementor-7097\" data-id=\"7097\"><div class=\"container-fluid\"><section class=\"elementor-section elementor-top-section elementor-element elementor-element-31ae2bc2 flex-wrap elementor-section-boxed elementor-section-height-default elementor-section-height-default\" data-id=\"31ae2bc2\" data-element_type=\"section\" data-settings=\"{\"><div class=\"elementor-container elementor-column-gap-default\"><div class=\"elementor-column elementor-col-16 elementor-top-column elementor-element elementor-element-82e2050 w-100 pt-5\" data-id=\"82e2050\" data-element_type=\"column\"><div class=\"elementor-widget-wrap elementor-element-populated\"><div class=\"elementor-element elementor-element-a209b3d mb-0 mb-4 mb-lg-0 elementor-widget__width-auto elementor-widget-tablet__width-inherit elementor-widget elementor-widget-heading\" data-id=\"a209b3d\" data-element_type=\"widget\" data-widget_type=\"heading.default\"><div class=\"elementor-widget-container\">\u00a0<\/div><\/div><\/div><\/div><\/div><\/section><\/div><\/div><\/footer><\/div>\t\t\t\t\t\t\t\t<\/div>\n\t\t\t\t<\/div>\n\t\t\t\t\t<\/div>\n\t\t<\/div>\n\t\t\t\t\t<\/div>\n\t\t<\/section>\n\t\t\t\t<\/div>\n\t\t","protected":false},"excerpt":{"rendered":"<p>Pol\u00edtica de Privacidad De acuerdo con lo establecido en la normativa vigente en materia de protecci\u00f3n de datos personales, Reglamento (UE) 2016\/679 del Parlamento Europeo y del Consejo, de 27 de abril de 2016 (RGPD), y la Ley Org\u00e1nica 3\/2018, de 5 de diciembre, de Protecci\u00f3n de Datos Personales y garant\u00eda de los derechos digitales [&hellip;]<\/p>\n","protected":false},"author":1,"featured_media":0,"parent":0,"menu_order":0,"comment_status":"closed","ping_status":"closed","template":"","meta":{"site-sidebar-layout":"no-sidebar","site-content-layout":"page-builder","ast-site-content-layout":"full-width-container","site-content-style":"unboxed","site-sidebar-style":"unboxed","ast-global-header-display":"","ast-banner-title-visibility":"","ast-main-header-display":"","ast-hfb-above-header-display":"","ast-hfb-below-header-display":"","ast-hfb-mobile-header-display":"","site-post-title":"disabled","ast-breadcrumbs-content":"","ast-featured-img":"disabled","footer-sml-layout":"","theme-transparent-header-meta":"default","adv-header-id-meta":"","stick-header-meta":"default","header-above-stick-meta":"","header-main-stick-meta":"","header-below-stick-meta":"","astra-migrate-meta-layouts":"default","ast-page-background-enabled":"default","ast-page-background-meta":{"desktop":{"background-color":"","background-image":"","background-repeat":"repeat","background-position":"center center","background-size":"auto","background-attachment":"scroll","background-type":"","background-media":"","overlay-type":"","overlay-color":"","overlay-opacity":"","overlay-gradient":""},"tablet":{"background-color":"","background-image":"","background-repeat":"repeat","background-position":"center center","background-size":"auto","background-attachment":"scroll","background-type":"","background-media":"","overlay-type":"","overlay-color":"","overlay-opacity":"","overlay-gradient":""},"mobile":{"background-color":"","background-image":"","background-repeat":"repeat","background-position":"center center","background-size":"auto","background-attachment":"scroll","background-type":"","background-media":"","overlay-type":"","overlay-color":"","overlay-opacity":"","overlay-gradient":""}},"ast-content-background-meta":{"desktop":{"background-color":"var(--ast-global-color-5)","background-image":"","background-repeat":"repeat","background-position":"center center","background-size":"auto","background-attachment":"scroll","background-type":"","background-media":"","overlay-type":"","overlay-color":"","overlay-opacity":"","overlay-gradient":""},"tablet":{"background-color":"var(--ast-global-color-5)","background-image":"","background-repeat":"repeat","background-position":"center center","background-size":"auto","background-attachment":"scroll","background-type":"","background-media":"","overlay-type":"","overlay-color":"","overlay-opacity":"","overlay-gradient":""},"mobile":{"background-color":"var(--ast-global-color-5)","background-image":"","background-repeat":"repeat","background-position":"center center","background-size":"auto","background-attachment":"scroll","background-type":"","background-media":"","overlay-type":"","overlay-color":"","overlay-opacity":"","overlay-gradient":""}},"footnotes":""},"class_list":["post-1964","page","type-page","status-publish","hentry"],"yoast_head":"<!-- This site is optimized with the Yoast SEO plugin v24.7 - https:\/\/yoast.com\/wordpress\/plugins\/seo\/ -->\n<title>Pol\u00edtica de Privacidad - FMAT - Functional Training System<\/title>\n<meta name=\"robots\" content=\"noindex, follow\" \/>\n<meta property=\"og:locale\" content=\"es_ES\" \/>\n<meta property=\"og:type\" content=\"article\" \/>\n<meta property=\"og:title\" content=\"Pol\u00edtica de Privacidad - FMAT - Functional Training System\" \/>\n<meta property=\"og:description\" content=\"Pol\u00edtica de Privacidad De acuerdo con lo establecido en la normativa vigente en materia de protecci\u00f3n de datos personales, Reglamento (UE) 2016\/679 del Parlamento Europeo y del Consejo, de 27 de abril de 2016 (RGPD), y la Ley Org\u00e1nica 3\/2018, de 5 de diciembre, de Protecci\u00f3n de Datos Personales y garant\u00eda de los derechos digitales [&hellip;]\" \/>\n<meta property=\"og:url\" content=\"https:\/\/fmat.tech\/es\/politica-de-privacidad\/\" \/>\n<meta property=\"og:site_name\" content=\"FMAT - Functional Training System\" \/>\n<meta property=\"article:modified_time\" content=\"2024-06-04T17:28:35+00:00\" \/>\n<meta name=\"twitter:card\" content=\"summary_large_image\" \/>\n<meta name=\"twitter:label1\" content=\"Tiempo de lectura\" \/>\n\t<meta name=\"twitter:data1\" content=\"10 minutos\" \/>\n<script type=\"application\/ld+json\" class=\"yoast-schema-graph\">{\"@context\":\"https:\/\/schema.org\",\"@graph\":[{\"@type\":\"WebPage\",\"@id\":\"https:\/\/fmat.tech\/es\/politica-de-privacidad\/\",\"url\":\"https:\/\/fmat.tech\/es\/politica-de-privacidad\/\",\"name\":\"Pol\u00edtica de Privacidad - FMAT - Functional Training System\",\"isPartOf\":{\"@id\":\"https:\/\/fmat.tech\/es\/#website\"},\"datePublished\":\"2024-06-03T19:25:29+00:00\",\"dateModified\":\"2024-06-04T17:28:35+00:00\",\"breadcrumb\":{\"@id\":\"https:\/\/fmat.tech\/es\/politica-de-privacidad\/#breadcrumb\"},\"inLanguage\":\"es\",\"potentialAction\":[{\"@type\":\"ReadAction\",\"target\":[\"https:\/\/fmat.tech\/es\/politica-de-privacidad\/\"]}]},{\"@type\":\"BreadcrumbList\",\"@id\":\"https:\/\/fmat.tech\/es\/politica-de-privacidad\/#breadcrumb\",\"itemListElement\":[{\"@type\":\"ListItem\",\"position\":1,\"name\":\"Inici\",\"item\":\"https:\/\/fmat.tech\/es\/\"},{\"@type\":\"ListItem\",\"position\":2,\"name\":\"Pol\u00edtica de Privacidad\"}]},{\"@type\":\"WebSite\",\"@id\":\"https:\/\/fmat.tech\/es\/#website\",\"url\":\"https:\/\/fmat.tech\/es\/\",\"name\":\"Descobreix la millor estora d'entrenament de futbol | FMAT\",\"description\":\"\",\"publisher\":{\"@id\":\"https:\/\/fmat.tech\/es\/#organization\"},\"potentialAction\":[{\"@type\":\"SearchAction\",\"target\":{\"@type\":\"EntryPoint\",\"urlTemplate\":\"https:\/\/fmat.tech\/es\/?s={search_term_string}\"},\"query-input\":{\"@type\":\"PropertyValueSpecification\",\"valueRequired\":true,\"valueName\":\"search_term_string\"}}],\"inLanguage\":\"es\"},{\"@type\":\"Organization\",\"@id\":\"https:\/\/fmat.tech\/es\/#organization\",\"name\":\"FMAT - Functional Training System\",\"url\":\"https:\/\/fmat.tech\/es\/\",\"logo\":{\"@type\":\"ImageObject\",\"inLanguage\":\"es\",\"@id\":\"https:\/\/fmat.tech\/es\/#\/schema\/logo\/image\/\",\"url\":\"https:\/\/fmat.tech\/wp-content\/uploads\/2024\/01\/fmat_logo.png\",\"contentUrl\":\"https:\/\/fmat.tech\/wp-content\/uploads\/2024\/01\/fmat_logo.png\",\"width\":1041,\"height\":1040,\"caption\":\"FMAT - Functional Training System\"},\"image\":{\"@id\":\"https:\/\/fmat.tech\/es\/#\/schema\/logo\/image\/\"},\"sameAs\":[\"https:\/\/www.linkedin.com\/company\/fmat\/\",\"https:\/\/www.instagram.com\/fmat.tech\/\",\"https:\/\/www.youtube.com\/channel\/UCDQIZU-6KPHXRrtiR27H9xg\"]}]}<\/script>\n<!-- \/ Yoast SEO plugin. -->","yoast_head_json":{"title":"Pol\u00edtica de Privacidad - FMAT - Functional Training System","robots":{"index":"noindex","follow":"follow"},"og_locale":"es_ES","og_type":"article","og_title":"Pol\u00edtica de Privacidad - FMAT - Functional Training System","og_description":"Pol\u00edtica de Privacidad De acuerdo con lo establecido en la normativa vigente en materia de protecci\u00f3n de datos personales, Reglamento (UE) 2016\/679 del Parlamento Europeo y del Consejo, de 27 de abril de 2016 (RGPD), y la Ley Org\u00e1nica 3\/2018, de 5 de diciembre, de Protecci\u00f3n de Datos Personales y garant\u00eda de los derechos digitales [&hellip;]","og_url":"https:\/\/fmat.tech\/es\/politica-de-privacidad\/","og_site_name":"FMAT - Functional Training System","article_modified_time":"2024-06-04T17:28:35+00:00","twitter_card":"summary_large_image","twitter_misc":{"Tiempo de lectura":"10 minutos"},"schema":{"@context":"https:\/\/schema.org","@graph":[{"@type":"WebPage","@id":"https:\/\/fmat.tech\/es\/politica-de-privacidad\/","url":"https:\/\/fmat.tech\/es\/politica-de-privacidad\/","name":"Pol\u00edtica de Privacidad - FMAT - Functional Training System","isPartOf":{"@id":"https:\/\/fmat.tech\/es\/#website"},"datePublished":"2024-06-03T19:25:29+00:00","dateModified":"2024-06-04T17:28:35+00:00","breadcrumb":{"@id":"https:\/\/fmat.tech\/es\/politica-de-privacidad\/#breadcrumb"},"inLanguage":"es","potentialAction":[{"@type":"ReadAction","target":["https:\/\/fmat.tech\/es\/politica-de-privacidad\/"]}]},{"@type":"BreadcrumbList","@id":"https:\/\/fmat.tech\/es\/politica-de-privacidad\/#breadcrumb","itemListElement":[{"@type":"ListItem","position":1,"name":"Inici","item":"https:\/\/fmat.tech\/es\/"},{"@type":"ListItem","position":2,"name":"Pol\u00edtica de Privacidad"}]},{"@type":"WebSite","@id":"https:\/\/fmat.tech\/es\/#website","url":"https:\/\/fmat.tech\/es\/","name":"Descobreix la millor estora d'entrenament de futbol | FMAT","description":"","publisher":{"@id":"https:\/\/fmat.tech\/es\/#organization"},"potentialAction":[{"@type":"SearchAction","target":{"@type":"EntryPoint","urlTemplate":"https:\/\/fmat.tech\/es\/?s={search_term_string}"},"query-input":{"@type":"PropertyValueSpecification","valueRequired":true,"valueName":"search_term_string"}}],"inLanguage":"es"},{"@type":"Organization","@id":"https:\/\/fmat.tech\/es\/#organization","name":"FMAT - Functional Training System","url":"https:\/\/fmat.tech\/es\/","logo":{"@type":"ImageObject","inLanguage":"es","@id":"https:\/\/fmat.tech\/es\/#\/schema\/logo\/image\/","url":"https:\/\/fmat.tech\/wp-content\/uploads\/2024\/01\/fmat_logo.png","contentUrl":"https:\/\/fmat.tech\/wp-content\/uploads\/2024\/01\/fmat_logo.png","width":1041,"height":1040,"caption":"FMAT - Functional Training System"},"image":{"@id":"https:\/\/fmat.tech\/es\/#\/schema\/logo\/image\/"},"sameAs":["https:\/\/www.linkedin.com\/company\/fmat\/","https:\/\/www.instagram.com\/fmat.tech\/","https:\/\/www.youtube.com\/channel\/UCDQIZU-6KPHXRrtiR27H9xg"]}]}},"_links":{"self":[{"href":"https:\/\/fmat.tech\/es\/wp-json\/wp\/v2\/pages\/1964","targetHints":{"allow":["GET"]}}],"collection":[{"href":"https:\/\/fmat.tech\/es\/wp-json\/wp\/v2\/pages"}],"about":[{"href":"https:\/\/fmat.tech\/es\/wp-json\/wp\/v2\/types\/page"}],"author":[{"embeddable":true,"href":"https:\/\/fmat.tech\/es\/wp-json\/wp\/v2\/users\/1"}],"replies":[{"embeddable":true,"href":"https:\/\/fmat.tech\/es\/wp-json\/wp\/v2\/comments?post=1964"}],"version-history":[{"count":9,"href":"https:\/\/fmat.tech\/es\/wp-json\/wp\/v2\/pages\/1964\/revisions"}],"predecessor-version":[{"id":1977,"href":"https:\/\/fmat.tech\/es\/wp-json\/wp\/v2\/pages\/1964\/revisions\/1977"}],"wp:attachment":[{"href":"https:\/\/fmat.tech\/es\/wp-json\/wp\/v2\/media?parent=1964"}],"curies":[{"name":"wp","href":"https:\/\/api.w.org\/{rel}","templated":true}]}}