{"id":1918,"date":"2024-04-29T17:49:32","date_gmt":"2024-04-29T17:49:32","guid":{"rendered":"https:\/\/fmat.tech\/prensa\/"},"modified":"2024-06-02T19:13:40","modified_gmt":"2024-06-02T19:13:40","slug":"prensa","status":"publish","type":"page","link":"https:\/\/fmat.tech\/es\/prensa\/","title":{"rendered":"Prensa"},"content":{"rendered":"\t\t<div data-elementor-type=\"wp-page\" data-elementor-id=\"1918\" class=\"elementor elementor-1918 elementor-1872\">\n\t\t\t\t\t\t<section class=\"elementor-section elementor-top-section elementor-element elementor-element-83671c7 elementor-section-boxed elementor-section-height-default elementor-section-height-default\" data-id=\"83671c7\" data-element_type=\"section\">\n\t\t\t\t\t\t<div class=\"elementor-container elementor-column-gap-default\">\n\t\t\t\t\t<div class=\"elementor-column elementor-col-100 elementor-top-column elementor-element elementor-element-cedd582\" data-id=\"cedd582\" data-element_type=\"column\">\n\t\t\t<div class=\"elementor-widget-wrap elementor-element-populated\">\n\t\t\t\t\t\t<div class=\"elementor-element elementor-element-63f9fe5 elementor-widget elementor-widget-image-box\" data-id=\"63f9fe5\" data-element_type=\"widget\" data-widget_type=\"image-box.default\">\n\t\t\t\t<div class=\"elementor-widget-container\">\n\t\t\t\t\t<div class=\"elementor-image-box-wrapper\"><div class=\"elementor-image-box-content\"><h2 class=\"elementor-image-box-title\">Noticias y menciones en prensa<\/h2><p class=\"elementor-image-box-description\">Explora nuestro espacio de prensa por estar al corriente de todas las menciones y noticias relevantes sobre FMAT. \u00a1No te pierdas ninguna actualizaci\u00f3n!<\/p><\/div><\/div>\t\t\t\t<\/div>\n\t\t\t\t<\/div>\n\t\t\t\t\t<\/div>\n\t\t<\/div>\n\t\t\t\t\t<\/div>\n\t\t<\/section>\n\t\t\t\t<section class=\"elementor-section elementor-top-section elementor-element elementor-element-fdecbe8 elementor-section-boxed elementor-section-height-default elementor-section-height-default\" data-id=\"fdecbe8\" data-element_type=\"section\">\n\t\t\t\t\t\t<div class=\"elementor-container elementor-column-gap-default\">\n\t\t\t\t\t<div class=\"elementor-column elementor-col-25 elementor-top-column elementor-element elementor-element-31ac53b\" data-id=\"31ac53b\" data-element_type=\"column\">\n\t\t\t<div class=\"elementor-widget-wrap elementor-element-populated\">\n\t\t\t\t\t\t<div class=\"elementor-element elementor-element-919201b elementor-widget elementor-widget-heading\" data-id=\"919201b\" data-element_type=\"widget\" data-widget_type=\"heading.default\">\n\t\t\t\t<div class=\"elementor-widget-container\">\n\t\t\t\t\t<h4 class=\"elementor-heading-title elementor-size-default\">Europapress<\/h4>\t\t\t\t<\/div>\n\t\t\t\t<\/div>\n\t\t\t\t<div class=\"elementor-element elementor-element-8d56082 elementor-widget elementor-widget-text-editor\" data-id=\"8d56082\" data-element_type=\"widget\" data-widget_type=\"text-editor.default\">\n\t\t\t\t<div class=\"elementor-widget-container\">\n\t\t\t\t\t\t\t\t\t<p><strong>Idioma:<\/strong> Castellano <\/p>\n\t\t\t\t\t\t\t\t<\/div>\n\t\t\t\t<\/div>\n\t\t\t\t<div class=\"elementor-element elementor-element-125603d elementor-widget elementor-widget-text-editor\" data-id=\"125603d\" data-element_type=\"widget\" data-widget_type=\"text-editor.default\">\n\t\t\t\t<div class=\"elementor-widget-container\">\n\t\t\t\t\t\t\t\t\t<p><a href=\"https:\/\/www.europapress.es\/portaltic\/gadgets\/noticia-robots-vehiculos-voladores-pop-vr-fundas-movil-olor-curiosidades-deja-mwc-2024-20240302095954.html\" target=\"_blank\" rel=\"noopener\">Robots, veh\u00edculos voladores, K-pop en VR y fundas para m\u00f3vil con olor: las curiosidades que deja MWC 2024<\/a> <\/p>\n\t\t\t\t\t\t\t\t<\/div>\n\t\t\t\t<\/div>\n\t\t\t\t\t<\/div>\n\t\t<\/div>\n\t\t\t\t<div class=\"elementor-column elementor-col-25 elementor-top-column elementor-element elementor-element-7891f9b\" data-id=\"7891f9b\" data-element_type=\"column\">\n\t\t\t<div class=\"elementor-widget-wrap elementor-element-populated\">\n\t\t\t\t\t\t<div class=\"elementor-element elementor-element-2fb26ec elementor-widget elementor-widget-heading\" data-id=\"2fb26ec\" data-element_type=\"widget\" data-widget_type=\"heading.default\">\n\t\t\t\t<div class=\"elementor-widget-container\">\n\t\t\t\t\t<h4 class=\"elementor-heading-title elementor-size-default\">2playbook<\/h4>\t\t\t\t<\/div>\n\t\t\t\t<\/div>\n\t\t\t\t<div class=\"elementor-element elementor-element-82a9a1c elementor-widget elementor-widget-text-editor\" data-id=\"82a9a1c\" data-element_type=\"widget\" data-widget_type=\"text-editor.default\">\n\t\t\t\t<div class=\"elementor-widget-container\">\n\t\t\t\t\t\t\t\t\t<p><strong>Idioma:<\/strong> Castellano <\/p>\n\t\t\t\t\t\t\t\t<\/div>\n\t\t\t\t<\/div>\n\t\t\t\t<div class=\"elementor-element elementor-element-4abcfe3 elementor-widget elementor-widget-text-editor\" data-id=\"4abcfe3\" data-element_type=\"widget\" data-widget_type=\"text-editor.default\">\n\t\t\t\t<div class=\"elementor-widget-container\">\n\t\t\t\t\t\t\t\t\t<p><a href=\"https:\/\/www.2playbook.com\/mas-deporte\/barcelona-sports-hub-se-estrena-en-4yfn-mwc-con-espacio-con-diez-start-ups_14779_102_amp.html\" target=\"_blank\" rel=\"noopener\">El Barcelona Sports Hub se estrena en el 4YFN del MWC con un espacio con diez \u2018start ups\u2019<\/a> <\/p>\n\t\t\t\t\t\t\t\t<\/div>\n\t\t\t\t<\/div>\n\t\t\t\t\t<\/div>\n\t\t<\/div>\n\t\t\t\t<div class=\"elementor-column elementor-col-25 elementor-top-column elementor-element elementor-element-4e53970\" data-id=\"4e53970\" data-element_type=\"column\">\n\t\t\t<div class=\"elementor-widget-wrap elementor-element-populated\">\n\t\t\t\t\t\t<div class=\"elementor-element elementor-element-ff836df elementor-widget elementor-widget-heading\" data-id=\"ff836df\" data-element_type=\"widget\" data-widget_type=\"heading.default\">\n\t\t\t\t<div class=\"elementor-widget-container\">\n\t\t\t\t\t<h4 class=\"elementor-heading-title elementor-size-default\">Universitat Blanquerna<\/h4>\t\t\t\t<\/div>\n\t\t\t\t<\/div>\n\t\t\t\t<div class=\"elementor-element elementor-element-ec1cfde elementor-widget elementor-widget-text-editor\" data-id=\"ec1cfde\" data-element_type=\"widget\" data-widget_type=\"text-editor.default\">\n\t\t\t\t<div class=\"elementor-widget-container\">\n\t\t\t\t\t\t\t\t\t<p><strong>Idioma:<\/strong> Catal\u00e1n <\/p>\n\t\t\t\t\t\t\t\t<\/div>\n\t\t\t\t<\/div>\n\t\t\t\t<div class=\"elementor-element elementor-element-e616aea elementor-widget elementor-widget-text-editor\" data-id=\"e616aea\" data-element_type=\"widget\" data-widget_type=\"text-editor.default\">\n\t\t\t\t<div class=\"elementor-widget-container\">\n\t\t\t\t\t\t\t\t\t<p><a href=\"https:\/\/www.blanquerna.edu\/ca\/noticies\/parlem-de-fmat-i-startups-amb-david-batalla\" target=\"_blank\" rel=\"noopener\">Parlem de FMAT i startups amb David Batalla<\/a> <\/p>\n\t\t\t\t\t\t\t\t<\/div>\n\t\t\t\t<\/div>\n\t\t\t\t\t<\/div>\n\t\t<\/div>\n\t\t\t\t<div class=\"elementor-column elementor-col-25 elementor-top-column elementor-element elementor-element-940534a\" data-id=\"940534a\" data-element_type=\"column\">\n\t\t\t<div class=\"elementor-widget-wrap\">\n\t\t\t\t\t\t\t<\/div>\n\t\t<\/div>\n\t\t\t\t\t<\/div>\n\t\t<\/section>\n\t\t\t\t<\/div>\n\t\t","protected":false},"excerpt":{"rendered":"<p>Noticias y menciones en prensa Explora nuestro espacio de prensa por estar al corriente de todas las menciones y noticias relevantes sobre FMAT. \u00a1No te pierdas ninguna actualizaci\u00f3n! Europapress Idioma: Castellano Robots, veh\u00edculos voladores, K-pop en VR y fundas para m\u00f3vil con olor: las curiosidades que deja MWC 2024 2playbook Idioma: Castellano El Barcelona Sports [&hellip;]<\/p>\n","protected":false},"author":1,"featured_media":0,"parent":0,"menu_order":0,"comment_status":"closed","ping_status":"closed","template":"","meta":{"site-sidebar-layout":"no-sidebar","site-content-layout":"page-builder","ast-site-content-layout":"full-width-container","site-content-style":"unboxed","site-sidebar-style":"unboxed","ast-global-header-display":"","ast-banner-title-visibility":"","ast-main-header-display":"","ast-hfb-above-header-display":"","ast-hfb-below-header-display":"","ast-hfb-mobile-header-display":"","site-post-title":"disabled","ast-breadcrumbs-content":"","ast-featured-img":"disabled","footer-sml-layout":"","theme-transparent-header-meta":"default","adv-header-id-meta":"","stick-header-meta":"default","header-above-stick-meta":"","header-main-stick-meta":"","header-below-stick-meta":"","astra-migrate-meta-layouts":"set","ast-page-background-enabled":"default","ast-page-background-meta":{"desktop":{"background-color":"","background-image":"","background-repeat":"repeat","background-position":"center center","background-size":"auto","background-attachment":"scroll","background-type":"","background-media":"","overlay-type":"","overlay-color":"","overlay-opacity":"","overlay-gradient":""},"tablet":{"background-color":"","background-image":"","background-repeat":"repeat","background-position":"center center","background-size":"auto","background-attachment":"scroll","background-type":"","background-media":"","overlay-type":"","overlay-color":"","overlay-opacity":"","overlay-gradient":""},"mobile":{"background-color":"","background-image":"","background-repeat":"repeat","background-position":"center center","background-size":"auto","background-attachment":"scroll","background-type":"","background-media":"","overlay-type":"","overlay-color":"","overlay-opacity":"","overlay-gradient":""}},"ast-content-background-meta":{"desktop":{"background-color":"var(--ast-global-color-5)","background-image":"","background-repeat":"repeat","background-position":"center center","background-size":"auto","background-attachment":"scroll","background-type":"","background-media":"","overlay-type":"","overlay-color":"","overlay-opacity":"","overlay-gradient":""},"tablet":{"background-color":"var(--ast-global-color-5)","background-image":"","background-repeat":"repeat","background-position":"center center","background-size":"auto","background-attachment":"scroll","background-type":"","background-media":"","overlay-type":"","overlay-color":"","overlay-opacity":"","overlay-gradient":""},"mobile":{"background-color":"var(--ast-global-color-5)","background-image":"","background-repeat":"repeat","background-position":"center center","background-size":"auto","background-attachment":"scroll","background-type":"","background-media":"","overlay-type":"","overlay-color":"","overlay-opacity":"","overlay-gradient":""}},"footnotes":""},"class_list":["post-1918","page","type-page","status-publish","hentry"],"yoast_head":"<!-- This site is optimized with the Yoast SEO plugin v24.7 - https:\/\/yoast.com\/wordpress\/plugins\/seo\/ -->\n<title>Noticias y Menciones en Prensa | FMAT<\/title>\n<meta name=\"description\" content=\"Mantente al d\u00eda con las noticias de FMAT. Descubre c\u00f3mo nuestras alfombras de entrenamiento de f\u00fatbol est\u00e1n revolucionando el mercado.\" \/>\n<meta name=\"robots\" content=\"index, follow, max-snippet:-1, max-image-preview:large, max-video-preview:-1\" \/>\n<link rel=\"canonical\" href=\"https:\/\/fmat.tech\/es\/prensa\/\" \/>\n<meta property=\"og:locale\" content=\"es_ES\" \/>\n<meta property=\"og:type\" content=\"article\" \/>\n<meta property=\"og:title\" content=\"Noticias y Menciones en Prensa | FMAT\" \/>\n<meta property=\"og:description\" content=\"Mantente al d\u00eda con las noticias de FMAT. Descubre c\u00f3mo nuestras alfombras de entrenamiento de f\u00fatbol est\u00e1n revolucionando el mercado.\" \/>\n<meta property=\"og:url\" content=\"https:\/\/fmat.tech\/es\/prensa\/\" \/>\n<meta property=\"og:site_name\" content=\"FMAT - Functional Training System\" \/>\n<meta property=\"article:modified_time\" content=\"2024-06-02T19:13:40+00:00\" \/>\n<meta name=\"twitter:card\" content=\"summary_large_image\" \/>\n<meta name=\"twitter:label1\" content=\"Tiempo de lectura\" \/>\n\t<meta name=\"twitter:data1\" content=\"1 minuto\" \/>\n<script type=\"application\/ld+json\" class=\"yoast-schema-graph\">{\"@context\":\"https:\/\/schema.org\",\"@graph\":[{\"@type\":\"WebPage\",\"@id\":\"https:\/\/fmat.tech\/es\/prensa\/\",\"url\":\"https:\/\/fmat.tech\/es\/prensa\/\",\"name\":\"Noticias y Menciones en Prensa | FMAT\",\"isPartOf\":{\"@id\":\"https:\/\/fmat.tech\/es\/#website\"},\"datePublished\":\"2024-04-29T17:49:32+00:00\",\"dateModified\":\"2024-06-02T19:13:40+00:00\",\"description\":\"Mantente al d\u00eda con las noticias de FMAT. Descubre c\u00f3mo nuestras alfombras de entrenamiento de f\u00fatbol est\u00e1n revolucionando el mercado.\",\"breadcrumb\":{\"@id\":\"https:\/\/fmat.tech\/es\/prensa\/#breadcrumb\"},\"inLanguage\":\"es\",\"potentialAction\":[{\"@type\":\"ReadAction\",\"target\":[\"https:\/\/fmat.tech\/es\/prensa\/\"]}]},{\"@type\":\"BreadcrumbList\",\"@id\":\"https:\/\/fmat.tech\/es\/prensa\/#breadcrumb\",\"itemListElement\":[{\"@type\":\"ListItem\",\"position\":1,\"name\":\"Inici\",\"item\":\"https:\/\/fmat.tech\/es\/\"},{\"@type\":\"ListItem\",\"position\":2,\"name\":\"Prensa\"}]},{\"@type\":\"WebSite\",\"@id\":\"https:\/\/fmat.tech\/es\/#website\",\"url\":\"https:\/\/fmat.tech\/es\/\",\"name\":\"Descobreix la millor estora d'entrenament de futbol | FMAT\",\"description\":\"\",\"publisher\":{\"@id\":\"https:\/\/fmat.tech\/es\/#organization\"},\"potentialAction\":[{\"@type\":\"SearchAction\",\"target\":{\"@type\":\"EntryPoint\",\"urlTemplate\":\"https:\/\/fmat.tech\/es\/?s={search_term_string}\"},\"query-input\":{\"@type\":\"PropertyValueSpecification\",\"valueRequired\":true,\"valueName\":\"search_term_string\"}}],\"inLanguage\":\"es\"},{\"@type\":\"Organization\",\"@id\":\"https:\/\/fmat.tech\/es\/#organization\",\"name\":\"FMAT - Functional Training System\",\"url\":\"https:\/\/fmat.tech\/es\/\",\"logo\":{\"@type\":\"ImageObject\",\"inLanguage\":\"es\",\"@id\":\"https:\/\/fmat.tech\/es\/#\/schema\/logo\/image\/\",\"url\":\"https:\/\/fmat.tech\/wp-content\/uploads\/2024\/01\/fmat_logo.png\",\"contentUrl\":\"https:\/\/fmat.tech\/wp-content\/uploads\/2024\/01\/fmat_logo.png\",\"width\":1041,\"height\":1040,\"caption\":\"FMAT - Functional Training System\"},\"image\":{\"@id\":\"https:\/\/fmat.tech\/es\/#\/schema\/logo\/image\/\"},\"sameAs\":[\"https:\/\/www.linkedin.com\/company\/fmat\/\",\"https:\/\/www.instagram.com\/fmat.tech\/\",\"https:\/\/www.youtube.com\/channel\/UCDQIZU-6KPHXRrtiR27H9xg\"]}]}<\/script>\n<!-- \/ Yoast SEO plugin. -->","yoast_head_json":{"title":"Noticias y Menciones en Prensa | FMAT","description":"Mantente al d\u00eda con las noticias de FMAT. Descubre c\u00f3mo nuestras alfombras de entrenamiento de f\u00fatbol est\u00e1n revolucionando el mercado.","robots":{"index":"index","follow":"follow","max-snippet":"max-snippet:-1","max-image-preview":"max-image-preview:large","max-video-preview":"max-video-preview:-1"},"canonical":"https:\/\/fmat.tech\/es\/prensa\/","og_locale":"es_ES","og_type":"article","og_title":"Noticias y Menciones en Prensa | FMAT","og_description":"Mantente al d\u00eda con las noticias de FMAT. Descubre c\u00f3mo nuestras alfombras de entrenamiento de f\u00fatbol est\u00e1n revolucionando el mercado.","og_url":"https:\/\/fmat.tech\/es\/prensa\/","og_site_name":"FMAT - Functional Training System","article_modified_time":"2024-06-02T19:13:40+00:00","twitter_card":"summary_large_image","twitter_misc":{"Tiempo de lectura":"1 minuto"},"schema":{"@context":"https:\/\/schema.org","@graph":[{"@type":"WebPage","@id":"https:\/\/fmat.tech\/es\/prensa\/","url":"https:\/\/fmat.tech\/es\/prensa\/","name":"Noticias y Menciones en Prensa | FMAT","isPartOf":{"@id":"https:\/\/fmat.tech\/es\/#website"},"datePublished":"2024-04-29T17:49:32+00:00","dateModified":"2024-06-02T19:13:40+00:00","description":"Mantente al d\u00eda con las noticias de FMAT. Descubre c\u00f3mo nuestras alfombras de entrenamiento de f\u00fatbol est\u00e1n revolucionando el mercado.","breadcrumb":{"@id":"https:\/\/fmat.tech\/es\/prensa\/#breadcrumb"},"inLanguage":"es","potentialAction":[{"@type":"ReadAction","target":["https:\/\/fmat.tech\/es\/prensa\/"]}]},{"@type":"BreadcrumbList","@id":"https:\/\/fmat.tech\/es\/prensa\/#breadcrumb","itemListElement":[{"@type":"ListItem","position":1,"name":"Inici","item":"https:\/\/fmat.tech\/es\/"},{"@type":"ListItem","position":2,"name":"Prensa"}]},{"@type":"WebSite","@id":"https:\/\/fmat.tech\/es\/#website","url":"https:\/\/fmat.tech\/es\/","name":"Descobreix la millor estora d'entrenament de futbol | FMAT","description":"","publisher":{"@id":"https:\/\/fmat.tech\/es\/#organization"},"potentialAction":[{"@type":"SearchAction","target":{"@type":"EntryPoint","urlTemplate":"https:\/\/fmat.tech\/es\/?s={search_term_string}"},"query-input":{"@type":"PropertyValueSpecification","valueRequired":true,"valueName":"search_term_string"}}],"inLanguage":"es"},{"@type":"Organization","@id":"https:\/\/fmat.tech\/es\/#organization","name":"FMAT - Functional Training System","url":"https:\/\/fmat.tech\/es\/","logo":{"@type":"ImageObject","inLanguage":"es","@id":"https:\/\/fmat.tech\/es\/#\/schema\/logo\/image\/","url":"https:\/\/fmat.tech\/wp-content\/uploads\/2024\/01\/fmat_logo.png","contentUrl":"https:\/\/fmat.tech\/wp-content\/uploads\/2024\/01\/fmat_logo.png","width":1041,"height":1040,"caption":"FMAT - Functional Training System"},"image":{"@id":"https:\/\/fmat.tech\/es\/#\/schema\/logo\/image\/"},"sameAs":["https:\/\/www.linkedin.com\/company\/fmat\/","https:\/\/www.instagram.com\/fmat.tech\/","https:\/\/www.youtube.com\/channel\/UCDQIZU-6KPHXRrtiR27H9xg"]}]}},"_links":{"self":[{"href":"https:\/\/fmat.tech\/es\/wp-json\/wp\/v2\/pages\/1918","targetHints":{"allow":["GET"]}}],"collection":[{"href":"https:\/\/fmat.tech\/es\/wp-json\/wp\/v2\/pages"}],"about":[{"href":"https:\/\/fmat.tech\/es\/wp-json\/wp\/v2\/types\/page"}],"author":[{"embeddable":true,"href":"https:\/\/fmat.tech\/es\/wp-json\/wp\/v2\/users\/1"}],"replies":[{"embeddable":true,"href":"https:\/\/fmat.tech\/es\/wp-json\/wp\/v2\/comments?post=1918"}],"version-history":[{"count":5,"href":"https:\/\/fmat.tech\/es\/wp-json\/wp\/v2\/pages\/1918\/revisions"}],"predecessor-version":[{"id":1944,"href":"https:\/\/fmat.tech\/es\/wp-json\/wp\/v2\/pages\/1918\/revisions\/1944"}],"wp:attachment":[{"href":"https:\/\/fmat.tech\/es\/wp-json\/wp\/v2\/media?parent=1918"}],"curies":[{"name":"wp","href":"https:\/\/api.w.org\/{rel}","templated":true}]}}